{"id":418,"date":"2025-04-18T17:00:44","date_gmt":"2025-04-18T15:00:44","guid":{"rendered":"https:\/\/ingrecos.com\/?page_id=418"},"modified":"2026-02-17T10:14:31","modified_gmt":"2026-02-17T09:14:31","slug":"politique-de-confidentialite-ingrecos","status":"publish","type":"page","link":"https:\/\/ingrecos.com\/en\/politique-de-confidentialite-ingrecos\/","title":{"rendered":"Privacy Policy"},"content":{"rendered":"<div class=\"fusion-fullwidth fullwidth-box fusion-builder-row-1 fusion-flex-container has-pattern-background has-mask-background nonhundred-percent-fullwidth non-hundred-percent-height-scrolling\" style=\"--awb-border-radius-top-left:0px;--awb-border-radius-top-right:0px;--awb-border-radius-bottom-right:0px;--awb-border-radius-bottom-left:0px;--awb-flex-wrap:wrap;\" ><div class=\"fusion-builder-row fusion-row fusion-flex-align-items-flex-start fusion-flex-content-wrap\" style=\"max-width:1248px;margin-left: calc(-4% \/ 2 );margin-right: calc(-4% \/ 2 );\"><div class=\"fusion-layout-column fusion_builder_column fusion-builder-column-0 fusion_builder_column_1_1 1_1 fusion-flex-column\" style=\"--awb-bg-size:cover;--awb-width-large:100%;--awb-margin-top-large:0px;--awb-spacing-right-large:1.92%;--awb-margin-bottom-large:20px;--awb-spacing-left-large:1.92%;--awb-width-medium:100%;--awb-order-medium:0;--awb-spacing-right-medium:1.92%;--awb-spacing-left-medium:1.92%;--awb-width-small:100%;--awb-order-small:0;--awb-spacing-right-small:1.92%;--awb-spacing-left-small:1.92%;\"><div class=\"fusion-column-wrapper fusion-column-has-shadow fusion-flex-justify-content-flex-start fusion-content-layout-column\"><div class=\"fusion-text fusion-text-1\"><div id=\"row_ada0b95f921548f25f38f08910869a48\" class=\"bb-content cloudcontentset has-bg-color default\">\n<div id=\"container_ada0b95f921548f25f38f08910869a48\" class=\"container\">\n<div class=\"row\">\n<div class=\"row-item col-12 col-md-12 col-lg-12 large-col\">\n<div class=\"bb-content colcontentset\">\n<div class=\"bb-content content paragraph picto-left\">\n<div class=\"rte-text\" data-cloud-rte=\"true\">\n<p>INGRECOS (hereinafter referred to as \u201cwe\u201d, \u201cour\u201d, or \u201cus\u201d) is committed to protecting and respecting your privacy. This Privacy Policy explains how we collect, use, disclose, and protect the personal data you provide when using our website <a href=\"https:\/\/ingrecos.com\/en\/\">ingrecos.com<\/a>.<\/p>\n<p>We comply with the French Data Protection Act No. 78-17 of January 6, 1978, as amended, and the General Data Protection Regulation (GDPR), adopted by the European Parliament on April 27, 2016, as well as all applicable laws and regulations.<\/p>\n<h2>1. Scope and Exclusions<\/h2>\n<p>This Policy applies to all processing of personal data carried out by INGRECOS via its website.<\/p>\n<h2>2. Data Collected<\/h2>\n<p>\u201cPersonal data\u201d or \u201cpersonal information\u201d refers to any information that can directly or indirectly identify a natural person, as defined by Article 4 of the GDPR (2016\/679). This includes, but is not limited to: name, first name, IP address, email address, etc.<\/p>\n<p>Nous collectons vos donn\u00e9es personnelles directement aupr\u00e8s de vous.<\/p>\n<p>We collect your personal data directly from you, particularly when you:<\/p>\n<ul>\n<li>Fill out a contact form<\/li>\n<li>Register via an inscription form<\/li>\n<li>Request an Extranet access code<\/li>\n<\/ul>\n<p>Some information in the forms is mandatory. Failure to provide this information will prevent us from processing your request or allowing you to use the tool or service.<\/p>\n<p>We may collect the following types of personal data:<\/p>\n<ul>\n<li>Identity information (name, first name)<\/li>\n<li>Contact details (email address, organization \/ company)<\/li>\n<li>Usage data (information about how you use our services and sites)<\/li>\n<li>Technical data (IP address, browser type, time zone)<\/li>\n<\/ul>\n<h2>3. Purpose of Data Collection<\/h2>\n<p>Your personal data is collected for one or more of the following purposes:<\/p>\n<ul>\n<li>To contact individuals who have provided their contact information<\/li>\n<li>To respond to inquiries<\/li>\n<li>To send newsletters about our association\u2019s news<\/li>\n<li>To process your Extranet access code request<\/li>\n<li>To manage event registrations<\/li>\n<\/ul>\n<p>We commit to collecting only the data strictly necessary for the intended purpose, in order to process your requests.<\/p>\n<h2>4. Legal Basis for Processing Your Personal Data<\/h2>\n<p>The collection of personal data described above is carried out because it is necessary:<\/p>\n<ul>\n<li>For the performance of contracts we are about to enter into or have entered into with you (only for registration\/membership requests)<\/li>\n<li>To comply with our legal obligations<\/li>\n<\/ul>\n<p>In other cases, data is collected based on your consent, for example when you fill out a contact form.<\/p>\n<h2>5. Recipients of Personal Data<\/h2>\n<p>The personal data collected about you is intended for INGRECOS staff.<\/p>\n<p>We never share your personal data with third parties without your explicit consent, except when required by law or to comply with legal obligations.<\/p>\n<p>Si n\u00e9cessaire, nous divulguerons vos donn\u00e9es personnelles sur demande l\u00e9gale ou pour se conformer \u00e0 des obligations l\u00e9gales.<\/p>\n<h2>6. Data Retention Period<\/h2>\n<p>Personal data is not retained for longer than necessary to fulfill the purposes for which it was collected.\nOnce the data is no longer needed for the purpose for which it was collected, it will be archived or deleted.<\/p>\n<h2>7. Data Security and Confidentiality<\/h2>\n<p>The security and confidentiality of your personal data is a priority for us.<\/p>\n<p>We implement all necessary technical and organizational measures to protect your personal data and prevent it from being distorted, damaged, or accessed by unauthorized third parties.<\/p>\n<p>To this end, we have implemented the following technical measures:<\/p>\n<p>A cette fin, nous avons mis en place des mesures techniques telles que\u202f:<\/p>\n<ul>\n<li>A secure website using HTTPS, which encrypts data exchanged between your browser and our servers, preventing third parties from easily reading personal data entered and sent via forms<\/li>\n<li>Compliance of our contact and registration forms<\/li>\n<li>Hosting of our sites on secure servers located in France<\/li>\n<\/ul>\n<p>INGRECOS undertakes not to transfer personal data to any country outside the European Union.<\/p>\n<h2>8. Cookies<\/h2>\n<p>Cookies used on our site help identify the services and sections you have visited, as well as your browsing behavior.<\/p>\n<p>This information is used to personalize content and improve your experience on our site. Cookies are also used to measure audience via third-party services.\nYou may opt out of tracking on this website.This will protect your privacy but may also prevent the site owner from learning from your actions and improving the experience for you and other users.<\/p>\n<\/div>\n<\/div>\n<\/div>\n<\/div>\n<\/div>\n<\/div>\n<\/div>\n<div id=\"row_e1aaf74aa22e5d6a6d9d2d50c1d1be45\" class=\"bb-content cloudcontentset has-bg-color default\">\n<div id=\"container_e1aaf74aa22e5d6a6d9d2d50c1d1be45\" class=\"container\">\n<div class=\"row\">\n<div class=\"row-item col-12 col-md-12 col-lg-12 large-col\">\n<div class=\"bb-content colcontentset\">\n<div class=\"bb-content block-analytic-matomo mt-2\">\n<div id=\"matomo-opt-out\">\n<p>This information is used to personalize content and improve your experience on our site. Cookies are also used to measure audience via third-party services.\nYou may opt out of tracking on this website.This will protect your privacy but may also prevent the site owner from learning from your actions and improving the experience for you and other users.<\/p>\n<p><input id=\"trackVisits\" checked=\"checked\" type=\"checkbox\" \/><label for=\"trackVisits\"><strong>You are not excluded. Uncheck this box to exclude yourself.<\/strong><\/label><\/p>\n<\/div>\n<\/div>\n<div class=\"bb-content content paragraph picto-left\">\n<div class=\"rte-text\" data-cloud-rte=\"true\">\n<h2>9. Links to Other Websites<\/h2>\n<p>Our website may contain links to third-party websites, plug-ins, and applications. Clicking on these links may allow third parties to collect or share data about you. We do not control these websites and are not responsible for their privacy policies.<\/p>\n<h2>10. Newsletter<\/h2>\n<p>Data collected from this form is used exclusively by INGRECOS to process your subscription request. By checking the relevant box, you also agree to receive our newsletter. Your data will be retained for the duration of the processing and up to one year after the last contact.<\/p>\n<h2>11. Your Rights<\/h2>\n<p>You have the right to access, rectify, erase, and port your data, as well as the right to object to and restrict processing. You may exercise these rights by contacting INGRECOS at: <a href=\"mailto:sg@ingrecos.com\">sg@ingrecos.com\u00a0<\/a><\/p>\n<h3>Right to Information<\/h3>\n<p>INGRECOS provides the necessary information whenever personal data is collected.<\/p>\n<h3>Right of Access<\/h3>\n<p>Any data subject has the right to obtain confirmation from the data controller as to whether or not their personal data is being processed and, where it is, to access the data and certain additional information. This right also includes obtaining a copy of the data being processed.<\/p>\n<h3>Right to Rectification<\/h3>\n<p>Any data subject has the right to request that their data be corrected or completed.<\/p>\n<h3>Right to Erasure or \u201cRight to be Forgotten\u201d<\/h3>\n<p>In cases provided for by regulation, any data subject has the right to request the erasure of their data. If the data has been transmitted to other entities (service providers), the \u201cright to be forgotten\u201d mechanism is triggered: the data controller will take all reasonable steps to inform the other entities that you have requested the erasure of any links to your personal data, or any copy or replication thereof.<\/p>\n<h3>Right to Restriction of Processing<\/h3>\n<p>In cases provided for by regulation, any data subject has the right to request that the processing of their data be restricted. In case of restriction, the data will be retained but no longer processed.<\/p>\n<h3>Right to Data Portability<\/h3>\n<p>In cases provided for by regulation, any data subject has the right to receive the data they have provided in a structured, commonly used, and machine-readable format. Where technically feasible, they may also request the direct transfer of their personal data to another data controller.<\/p>\n<h3>Right to Object<\/h3>\n<p>In cases provided for by regulation, any data subject has the right to object at any time, for reasons relating to their particular situation, to the processing of their personal data.<\/p>\n<h3>Right to Lodge a Complaint with a Supervisory Authority<\/h3>\n<p>Any data subject has the right to lodge a complaint with the relevant supervisory authority if they believe their rights are not being respected. In France, the competent supervisory authority is the CNIL (<a href=\"https:\/\/www.cnil.fr\/\" target=\"_blank\" rel=\"noopener\">www.cnil.fr<\/a>).<\/p>\n<h2>12. Changes to This Privacy Policy<\/h2>\n<p>INGRECOS reserves the right to periodically update this policy. Any substantial changes will be published on our website or communicated to you by other available means. We recommend that you regularly review this page to stay informed about how we process your personal data.<\/p>\n<p>This Privacy Policy was last updated on 08\/10\/2025.<\/p>\n<h2>13. Contact Us<\/h2>\n<p>If you have any questions about this Privacy Policy, please <a href=\"https:\/\/ingrecos.com\/en\/nous-contacter-nous-trouver\/\">contact us.<\/a><\/p>\n<\/div>\n<\/div>\n<\/div>\n<\/div>\n<\/div>\n<\/div>\n<\/div>\n<\/div><\/div><\/div><\/div><\/div>","protected":false},"excerpt":{"rendered":"","protected":false},"author":1,"featured_media":0,"parent":0,"menu_order":0,"comment_status":"closed","ping_status":"closed","template":"100-width.php","meta":{"inline_featured_image":false,"footnotes":""},"class_list":["post-418","page","type-page","status-publish","hentry"],"yoast_head":"<!-- This site is optimized with the Yoast SEO plugin v27.1.1 - https:\/\/yoast.com\/product\/yoast-seo-wordpress\/ -->\n<title>Politique de confidentialit\u00e9 - INGRECOS<\/title>\n<meta name=\"robots\" content=\"index, follow, max-snippet:-1, max-image-preview:large, max-video-preview:-1\" \/>\n<link rel=\"canonical\" href=\"https:\/\/ingrecos.com\/en\/politique-de-confidentialite-ingrecos\/\" \/>\n<meta property=\"og:locale\" content=\"en_GB\" \/>\n<meta property=\"og:type\" content=\"article\" \/>\n<meta property=\"og:title\" content=\"Politique de confidentialit\u00e9 - INGRECOS\" \/>\n<meta property=\"og:url\" content=\"https:\/\/ingrecos.com\/en\/politique-de-confidentialite-ingrecos\/\" \/>\n<meta property=\"og:site_name\" content=\"INGRECOS\" \/>\n<meta property=\"article:modified_time\" content=\"2026-02-17T09:14:31+00:00\" \/>\n<meta name=\"twitter:card\" content=\"summary_large_image\" \/>\n<meta name=\"twitter:label1\" content=\"Estimated reading time\" \/>\n\t<meta name=\"twitter:data1\" content=\"9 minutes\" \/>\n<script type=\"application\/ld+json\" class=\"yoast-schema-graph\">{\"@context\":\"https:\/\/schema.org\",\"@graph\":[{\"@type\":\"WebPage\",\"@id\":\"https:\/\/ingrecos.com\/politique-de-confidentialite-ingrecos\/\",\"url\":\"https:\/\/ingrecos.com\/politique-de-confidentialite-ingrecos\/\",\"name\":\"Politique de confidentialit\u00e9 - INGRECOS\",\"isPartOf\":{\"@id\":\"https:\/\/ingrecos.com\/#website\"},\"datePublished\":\"2025-04-18T15:00:44+00:00\",\"dateModified\":\"2026-02-17T09:14:31+00:00\",\"breadcrumb\":{\"@id\":\"https:\/\/ingrecos.com\/politique-de-confidentialite-ingrecos\/#breadcrumb\"},\"inLanguage\":\"en-GB\",\"potentialAction\":[{\"@type\":\"ReadAction\",\"target\":[\"https:\/\/ingrecos.com\/politique-de-confidentialite-ingrecos\/\"]}]},{\"@type\":\"BreadcrumbList\",\"@id\":\"https:\/\/ingrecos.com\/politique-de-confidentialite-ingrecos\/#breadcrumb\",\"itemListElement\":[{\"@type\":\"ListItem\",\"position\":1,\"name\":\"Accueil\",\"item\":\"https:\/\/ingrecos.com\/\"},{\"@type\":\"ListItem\",\"position\":2,\"name\":\"Politique de confidentialit\u00e9\"}]},{\"@type\":\"WebSite\",\"@id\":\"https:\/\/ingrecos.com\/#website\",\"url\":\"https:\/\/ingrecos.com\/\",\"name\":\"INGRECOS\",\"description\":\"Syndicat des Ingr\u00e9dients Cosm\u00e9tiques et Tensio-Actifs\",\"alternateName\":\"INGRECOS\",\"potentialAction\":[{\"@type\":\"SearchAction\",\"target\":{\"@type\":\"EntryPoint\",\"urlTemplate\":\"https:\/\/ingrecos.com\/?s={search_term_string}\"},\"query-input\":{\"@type\":\"PropertyValueSpecification\",\"valueRequired\":true,\"valueName\":\"search_term_string\"}}],\"inLanguage\":\"en-GB\"}]}<\/script>\n<!-- \/ Yoast SEO plugin. -->","yoast_head_json":{"title":"Politique de confidentialit\u00e9 - INGRECOS","robots":{"index":"index","follow":"follow","max-snippet":"max-snippet:-1","max-image-preview":"max-image-preview:large","max-video-preview":"max-video-preview:-1"},"canonical":"https:\/\/ingrecos.com\/en\/politique-de-confidentialite-ingrecos\/","og_locale":"en_GB","og_type":"article","og_title":"Politique de confidentialit\u00e9 - INGRECOS","og_url":"https:\/\/ingrecos.com\/en\/politique-de-confidentialite-ingrecos\/","og_site_name":"INGRECOS","article_modified_time":"2026-02-17T09:14:31+00:00","twitter_card":"summary_large_image","twitter_misc":{"Estimated reading time":"9 minutes"},"schema":{"@context":"https:\/\/schema.org","@graph":[{"@type":"WebPage","@id":"https:\/\/ingrecos.com\/politique-de-confidentialite-ingrecos\/","url":"https:\/\/ingrecos.com\/politique-de-confidentialite-ingrecos\/","name":"Politique de confidentialit\u00e9 - INGRECOS","isPartOf":{"@id":"https:\/\/ingrecos.com\/#website"},"datePublished":"2025-04-18T15:00:44+00:00","dateModified":"2026-02-17T09:14:31+00:00","breadcrumb":{"@id":"https:\/\/ingrecos.com\/politique-de-confidentialite-ingrecos\/#breadcrumb"},"inLanguage":"en-GB","potentialAction":[{"@type":"ReadAction","target":["https:\/\/ingrecos.com\/politique-de-confidentialite-ingrecos\/"]}]},{"@type":"BreadcrumbList","@id":"https:\/\/ingrecos.com\/politique-de-confidentialite-ingrecos\/#breadcrumb","itemListElement":[{"@type":"ListItem","position":1,"name":"Accueil","item":"https:\/\/ingrecos.com\/"},{"@type":"ListItem","position":2,"name":"Politique de confidentialit\u00e9"}]},{"@type":"WebSite","@id":"https:\/\/ingrecos.com\/#website","url":"https:\/\/ingrecos.com\/","name":"INGRECOS","description":"Syndicat des Ingr\u00e9dients Cosm\u00e9tiques et Tensio-Actifs","alternateName":"INGRECOS","potentialAction":[{"@type":"SearchAction","target":{"@type":"EntryPoint","urlTemplate":"https:\/\/ingrecos.com\/?s={search_term_string}"},"query-input":{"@type":"PropertyValueSpecification","valueRequired":true,"valueName":"search_term_string"}}],"inLanguage":"en-GB"}]}},"_links":{"self":[{"href":"https:\/\/ingrecos.com\/en\/wp-json\/wp\/v2\/pages\/418","targetHints":{"allow":["GET"]}}],"collection":[{"href":"https:\/\/ingrecos.com\/en\/wp-json\/wp\/v2\/pages"}],"about":[{"href":"https:\/\/ingrecos.com\/en\/wp-json\/wp\/v2\/types\/page"}],"author":[{"embeddable":true,"href":"https:\/\/ingrecos.com\/en\/wp-json\/wp\/v2\/users\/1"}],"replies":[{"embeddable":true,"href":"https:\/\/ingrecos.com\/en\/wp-json\/wp\/v2\/comments?post=418"}],"version-history":[{"count":8,"href":"https:\/\/ingrecos.com\/en\/wp-json\/wp\/v2\/pages\/418\/revisions"}],"predecessor-version":[{"id":2838,"href":"https:\/\/ingrecos.com\/en\/wp-json\/wp\/v2\/pages\/418\/revisions\/2838"}],"wp:attachment":[{"href":"https:\/\/ingrecos.com\/en\/wp-json\/wp\/v2\/media?parent=418"}],"curies":[{"name":"wp","href":"https:\/\/api.w.org\/{rel}","templated":true}]}}